{"id":440,"date":"2025-11-19T13:54:39","date_gmt":"2025-11-19T13:54:39","guid":{"rendered":"https:\/\/tanjakachler.de\/?page_id=440"},"modified":"2026-03-19T10:30:27","modified_gmt":"2026-03-19T10:30:27","slug":"about-me","status":"publish","type":"page","link":"https:\/\/tanjakachler.de\/","title":{"rendered":"Mensch"},"content":{"rendered":"\n<p>Words (don&#8217;t) come easy \u2013 Berufung auch (nicht).<\/p>\n\n\n\n<p>In meinen Zwanzigern war ich in \u00d6sterreich, Spanien und Deutschland zuhause \u2013 und bin Jobs nachgegangen, die ganz weit weg von pers\u00f6nlicher Erf\u00fcllung waren.<\/p>\n\n\n\n<p>In meinen Drei\u00dfigern habe ich zu mir und meiner beruflichen Leidenschaft gefunden: Abitur nachgeholt, mich nochmal neu ins Lernen, Lesen und kritische Denken verliebt und an der Humboldt-Universit\u00e4t zu Berlin den Kombi-Bachelor in Deutsche Literatur &amp; Kulturwissenschaften gemacht.<\/p>\n\n\n\n<p>Seitdem bin ich wie ein happy Kaugummi am Medium &#8222;Podcast&#8220; kleben geblieben und darf mit tollen Menschen zusammen arbeiten und das tun, was ich liebe:<\/p>\n\n\n\n<p>Recherche I Projekt(weiter)entwicklung I Schreiben <\/p>\n\n\n\n<p>Say Hello, wenn du Unterst\u00fctzung bei einem Podcast-Projekt brauchst. Und erst recht, wenn du im TV zuhause bist und eine Reality-Autorin suchst, die dem b\u00e4renstarken Bauer Berni oder dem Toxic-Tim mit treffsicheren Off-Texten den passenden Verbalanstrich verpasst. &#x263a;\ufe0e<\/p>\n\n\n\n<p>Wenn du magst, kannst du mir hier etwas fl\u00fcssiges Nervengold dalassen -> <\/p>\n\n\n\n<div class=\"wp-block-buttons is-content-justification-center is-layout-flex wp-container-core-buttons-is-layout-16018d1d wp-block-buttons-is-layout-flex\">\n<div class=\"wp-block-button\"><a class=\"wp-block-button__link wp-element-button\" href=\"https:\/\/ko-fi.com\/tanjakachler\" style=\"border-top-left-radius:81px;border-top-right-radius:81px;border-bottom-left-radius:81px;border-bottom-right-radius:81px\"><strong>&#x2615; Kaffee f\u00fcr Tanja<\/strong><\/a><\/div>\n<\/div>\n\n\n\n<p><\/p>\n\n\n\n<p><\/p>\n","protected":false},"excerpt":{"rendered":"<p>Words (don&#8217;t) come easy \u2013 Berufung auch (nicht). In meinen Zwanzigern war ich in \u00d6sterreich, Spanien und Deutschland zuhause \u2013 und bin Jobs nachgegangen, die ganz weit weg von pers\u00f6nlicher Erf\u00fcllung waren. In meinen Drei\u00dfigern habe ich zu mir und meiner beruflichen Leidenschaft gefunden: Abitur nachgeholt, mich nochmal neu ins Lernen, Lesen und kritische Denken &hellip; <\/p>\n<p class=\"link-more\"><a href=\"https:\/\/tanjakachler.de\/\" class=\"more-link\"><span class=\"screen-reader-text\">\u201eMensch\u201c <\/span>weiterlesen<\/a><\/p>\n","protected":false},"author":1,"featured_media":0,"parent":0,"menu_order":0,"comment_status":"closed","ping_status":"closed","template":"","meta":{"footnotes":""},"class_list":["post-440","page","type-page","status-publish","hentry"],"_links":{"self":[{"href":"https:\/\/tanjakachler.de\/index.php?rest_route=\/wp\/v2\/pages\/440","targetHints":{"allow":["GET"]}}],"collection":[{"href":"https:\/\/tanjakachler.de\/index.php?rest_route=\/wp\/v2\/pages"}],"about":[{"href":"https:\/\/tanjakachler.de\/index.php?rest_route=\/wp\/v2\/types\/page"}],"author":[{"embeddable":true,"href":"https:\/\/tanjakachler.de\/index.php?rest_route=\/wp\/v2\/users\/1"}],"replies":[{"embeddable":true,"href":"https:\/\/tanjakachler.de\/index.php?rest_route=%2Fwp%2Fv2%2Fcomments&post=440"}],"version-history":[{"count":10,"href":"https:\/\/tanjakachler.de\/index.php?rest_route=\/wp\/v2\/pages\/440\/revisions"}],"predecessor-version":[{"id":477,"href":"https:\/\/tanjakachler.de\/index.php?rest_route=\/wp\/v2\/pages\/440\/revisions\/477"}],"wp:attachment":[{"href":"https:\/\/tanjakachler.de\/index.php?rest_route=%2Fwp%2Fv2%2Fmedia&parent=440"}],"curies":[{"name":"wp","href":"https:\/\/api.w.org\/{rel}","templated":true}]}}