{"id":76,"date":"2020-12-09T13:16:08","date_gmt":"2020-12-09T13:16:08","guid":{"rendered":"http:\/\/tanjakachler.de\/?page_id=76"},"modified":"2022-06-22T10:09:46","modified_gmt":"2022-06-22T10:09:46","slug":"impressum","status":"publish","type":"page","link":"https:\/\/tanjakachler.de\/?page_id=76","title":{"rendered":"Impressum"},"content":{"rendered":"\n<p><strong>Angaben\u00a0gem\u00e4\u00df\u00a0\u00a7\u00a05\u00a0TMG<\/strong><br>Tanja Kachler<br>Friedelstra\u00dfe 40<br>12047 Berlin\u00a0<\/p>\n\n\n\n<p>USt-ID: DE338507961<\/p>\n\n\n\n<p><strong>Kontakt<\/strong><br>hello@tanjakachler.de<br>Verantwortlich&nbsp;f\u00fcr&nbsp;den&nbsp;Inhalt&nbsp;nach&nbsp;\u00a7&nbsp;55&nbsp;Abs. 2&nbsp;RStV:&nbsp;Tanja Kachler&nbsp;<\/p>\n\n\n\n<p><strong>Haftung&nbsp;f\u00fcr&nbsp;Inhalte<br><\/strong>Als&nbsp;Diensteanbieter&nbsp;sind&nbsp;wir&nbsp;gem\u00e4\u00df&nbsp;\u00a7&nbsp;7&nbsp;Abs.1&nbsp;TMG&nbsp;f\u00fcr&nbsp;eigene&nbsp;Inhalte&nbsp;auf&nbsp;diesen&nbsp;Seiten&nbsp;nach&nbsp;den&nbsp;allgemeinen&nbsp;Gesetzenverantwortlich.&nbsp;Nach&nbsp;\u00a7\u00a7&nbsp;8&nbsp;bis&nbsp;10&nbsp;TMG&nbsp;sind&nbsp;wir&nbsp;als&nbsp;Diensteanbieter&nbsp;jedoch&nbsp;nicht&nbsp;verpflichtet,&nbsp;\u00fcbermittelte&nbsp;odergespeicherte&nbsp;fremde&nbsp;Informationen&nbsp;zu&nbsp;\u00fcberwachen&nbsp;oder&nbsp;nach&nbsp;Umst\u00e4nden&nbsp;zu&nbsp;forschen,&nbsp;die&nbsp;auf&nbsp;eine&nbsp;rechtswidrigeT\u00e4tigkeit&nbsp;hinweisen.<strong><br><\/strong>Verpflichtungen&nbsp;zur&nbsp;Entfernung&nbsp;oder&nbsp;Sperrung&nbsp;der&nbsp;Nutzung&nbsp;von&nbsp;Informationen&nbsp;nach&nbsp;den&nbsp;allgemeinen&nbsp;Gesetzen&nbsp;bleibenhiervon&nbsp;unber\u00fchrt.&nbsp;Eine&nbsp;diesbez\u00fcgliche&nbsp;Haftung&nbsp;ist&nbsp;jedoch&nbsp;erst&nbsp;ab&nbsp;dem&nbsp;Zeitpunkt&nbsp;der&nbsp;Kenntnis&nbsp;einer&nbsp;konkretenRechtsverletzung&nbsp;m\u00f6glich.&nbsp;Bei&nbsp;Bekanntwerden&nbsp;von&nbsp;entsprechenden&nbsp;Rechtsverletzungen&nbsp;werden&nbsp;wir&nbsp;diese&nbsp;Inhalteumgehend&nbsp;entfernen.<\/p>\n\n\n\n<p><strong>Haftung&nbsp;f\u00fcr&nbsp;Links<br><\/strong>Unser&nbsp;Angebot&nbsp;enth\u00e4lt&nbsp;Links&nbsp;zu&nbsp;externen&nbsp;Webseiten&nbsp;Dritter,&nbsp;auf&nbsp;deren&nbsp;Inhalte&nbsp;wir&nbsp;keinen&nbsp;Einfluss&nbsp;haben.&nbsp;Deshalb&nbsp;k\u00f6nnenwir&nbsp;f\u00fcr&nbsp;diese&nbsp;fremden&nbsp;Inhalte&nbsp;auch&nbsp;keine&nbsp;Gew\u00e4hr&nbsp;\u00fcbernehmen.&nbsp;F\u00fcr&nbsp;die&nbsp;Inhalte&nbsp;der&nbsp;verlinkten&nbsp;Seiten&nbsp;ist&nbsp;stets&nbsp;der&nbsp;jeweiligeAnbieter&nbsp;oder&nbsp;Betreiber&nbsp;der&nbsp;Seiten&nbsp;verantwortlich.&nbsp;Die&nbsp;verlinkten&nbsp;Seiten&nbsp;wurden&nbsp;zum&nbsp;Zeitpunkt&nbsp;der&nbsp;Verlinkung&nbsp;aufm\u00f6gliche&nbsp;Rechtsverst\u00f6\u00dfe<br>\u00fcberpr\u00fcft.&nbsp;Rechtswidrige&nbsp;Inhalte&nbsp;waren&nbsp;zum&nbsp;Zeitpunkt&nbsp;der&nbsp;Verlinkung&nbsp;nicht&nbsp;erkennbar.<strong><br><\/strong>Eine&nbsp;permanente&nbsp;inhaltliche&nbsp;Kontrolle&nbsp;der&nbsp;verlinkten&nbsp;Seiten&nbsp;ist&nbsp;jedoch&nbsp;ohne&nbsp;konkrete&nbsp;Anhaltspunkte&nbsp;einerRechtsverletzung&nbsp;nicht&nbsp;zumutbar.&nbsp;Bei&nbsp;Bekanntwerden&nbsp;von&nbsp;Rechtsverletzungen&nbsp;werden&nbsp;wir&nbsp;derartige&nbsp;Links&nbsp;umgehendentfernen.<\/p>\n\n\n\n<p><strong>Urheberrecht<br><\/strong>Die&nbsp;durch&nbsp;die&nbsp;Seitenbetreiber&nbsp;erstellten&nbsp;Inhalte&nbsp;und&nbsp;Werke&nbsp;auf&nbsp;diesen&nbsp;Seiten&nbsp;unterliegen&nbsp;dem&nbsp;deutschen&nbsp;Urheberrecht.&nbsp;Die&nbsp;Vervielf\u00e4ltigung,&nbsp;Bearbeitung,&nbsp;Verbreitung&nbsp;und&nbsp;jede&nbsp;Art&nbsp;der&nbsp;Verwertung&nbsp;au\u00dferhalb&nbsp;der&nbsp;Grenzen&nbsp;des&nbsp;Urheberrechtesbed\u00fcrfen&nbsp;der&nbsp;schriftlichen&nbsp;Zustimmung&nbsp;des&nbsp;jeweiligen&nbsp;Autors&nbsp;bzw.&nbsp;Erstellers.&nbsp;Downloads&nbsp;und&nbsp;Kopien&nbsp;dieser&nbsp;Seite&nbsp;sind&nbsp;nurf\u00fcr&nbsp;den&nbsp;privaten,&nbsp;nicht&nbsp;kommerziellen&nbsp;Gebrauch&nbsp;gestattet.<strong><br><\/strong>Soweit&nbsp;die&nbsp;Inhalte&nbsp;auf&nbsp;dieser&nbsp;Seite&nbsp;nicht&nbsp;vom&nbsp;Betreiber&nbsp;erstellt&nbsp;wurden,&nbsp;werden&nbsp;die&nbsp;Urheberrechte&nbsp;Dritter&nbsp;beachtet.&nbsp;Insbesondere&nbsp;werden&nbsp;Inhalte&nbsp;Dritter&nbsp;als&nbsp;solche&nbsp;gekennzeichnet.&nbsp;Sollten&nbsp;Sie&nbsp;trotzdem&nbsp;auf&nbsp;eine&nbsp;Urheberrechtsverletzungaufmerksam&nbsp;werden,&nbsp;bitten&nbsp;wir&nbsp;um&nbsp;einen&nbsp;entsprechenden&nbsp;Hinweis.&nbsp;Bei&nbsp;Bekanntwerden&nbsp;von&nbsp;Rechtsverletzungen&nbsp;werdenwir&nbsp;derartige&nbsp;Inhalte&nbsp;umgehend&nbsp;entfernen.<strong><br><\/strong>Quelle:&nbsp;https:\/\/www.e-recht24.de<\/p>\n","protected":false},"excerpt":{"rendered":"<p>Angaben\u00a0gem\u00e4\u00df\u00a0\u00a7\u00a05\u00a0TMGTanja KachlerFriedelstra\u00dfe 4012047 Berlin\u00a0 USt-ID: DE338507961 Kontakthello@tanjakachler.deVerantwortlich&nbsp;f\u00fcr&nbsp;den&nbsp;Inhalt&nbsp;nach&nbsp;\u00a7&nbsp;55&nbsp;Abs. 2&nbsp;RStV:&nbsp;Tanja Kachler&nbsp; Haftung&nbsp;f\u00fcr&nbsp;InhalteAls&nbsp;Diensteanbieter&nbsp;sind&nbsp;wir&nbsp;gem\u00e4\u00df&nbsp;\u00a7&nbsp;7&nbsp;Abs.1&nbsp;TMG&nbsp;f\u00fcr&nbsp;eigene&nbsp;Inhalte&nbsp;auf&nbsp;diesen&nbsp;Seiten&nbsp;nach&nbsp;den&nbsp;allgemeinen&nbsp;Gesetzenverantwortlich.&nbsp;Nach&nbsp;\u00a7\u00a7&nbsp;8&nbsp;bis&nbsp;10&nbsp;TMG&nbsp;sind&nbsp;wir&nbsp;als&nbsp;Diensteanbieter&nbsp;jedoch&nbsp;nicht&nbsp;verpflichtet,&nbsp;\u00fcbermittelte&nbsp;odergespeicherte&nbsp;fremde&nbsp;Informationen&nbsp;zu&nbsp;\u00fcberwachen&nbsp;oder&nbsp;nach&nbsp;Umst\u00e4nden&nbsp;zu&nbsp;forschen,&nbsp;die&nbsp;auf&nbsp;eine&nbsp;rechtswidrigeT\u00e4tigkeit&nbsp;hinweisen.Verpflichtungen&nbsp;zur&nbsp;Entfernung&nbsp;oder&nbsp;Sperrung&nbsp;der&nbsp;Nutzung&nbsp;von&nbsp;Informationen&nbsp;nach&nbsp;den&nbsp;allgemeinen&nbsp;Gesetzen&nbsp;bleibenhiervon&nbsp;unber\u00fchrt.&nbsp;Eine&nbsp;diesbez\u00fcgliche&nbsp;Haftung&nbsp;ist&nbsp;jedoch&nbsp;erst&nbsp;ab&nbsp;dem&nbsp;Zeitpunkt&nbsp;der&nbsp;Kenntnis&nbsp;einer&nbsp;konkretenRechtsverletzung&nbsp;m\u00f6glich.&nbsp;Bei&nbsp;Bekanntwerden&nbsp;von&nbsp;entsprechenden&nbsp;Rechtsverletzungen&nbsp;werden&nbsp;wir&nbsp;diese&nbsp;Inhalteumgehend&nbsp;entfernen. Haftung&nbsp;f\u00fcr&nbsp;LinksUnser&nbsp;Angebot&nbsp;enth\u00e4lt&nbsp;Links&nbsp;zu&nbsp;externen&nbsp;Webseiten&nbsp;Dritter,&nbsp;auf&nbsp;deren&nbsp;Inhalte&nbsp;wir&nbsp;keinen&nbsp;Einfluss&nbsp;haben.&nbsp;Deshalb&nbsp;k\u00f6nnenwir&nbsp;f\u00fcr&nbsp;diese&nbsp;fremden&nbsp;Inhalte&nbsp;auch&nbsp;keine&nbsp;Gew\u00e4hr&nbsp;\u00fcbernehmen.&nbsp;F\u00fcr&nbsp;die&nbsp;Inhalte&nbsp;der&nbsp;verlinkten&nbsp;Seiten&nbsp;ist&nbsp;stets&nbsp;der&nbsp;jeweiligeAnbieter&nbsp;oder&nbsp;Betreiber&nbsp;der&nbsp;Seiten&nbsp;verantwortlich.&nbsp;Die&nbsp;verlinkten&nbsp;Seiten&nbsp;wurden&nbsp;zum&nbsp;Zeitpunkt&nbsp;der&nbsp;Verlinkung&nbsp;aufm\u00f6gliche&nbsp;Rechtsverst\u00f6\u00dfe\u00fcberpr\u00fcft.&nbsp;Rechtswidrige&nbsp;Inhalte&nbsp;waren&nbsp;zum&nbsp;Zeitpunkt&nbsp;der&nbsp;Verlinkung&nbsp;nicht&nbsp;erkennbar.Eine&nbsp;permanente&nbsp;inhaltliche&nbsp;Kontrolle&nbsp;der&nbsp;verlinkten&nbsp;Seiten&nbsp;ist&nbsp;jedoch&nbsp;ohne&nbsp;konkrete&nbsp;Anhaltspunkte&nbsp;einerRechtsverletzung&nbsp;nicht&nbsp;zumutbar.&nbsp;Bei&nbsp;Bekanntwerden&nbsp;von&nbsp;Rechtsverletzungen&nbsp;werden&nbsp;wir&nbsp;derartige&nbsp;Links&nbsp;umgehendentfernen. UrheberrechtDie&nbsp;durch&nbsp;die&nbsp;Seitenbetreiber&nbsp;erstellten&nbsp;Inhalte&nbsp;und&nbsp;Werke&nbsp;auf&nbsp;diesen&nbsp;Seiten&nbsp;unterliegen&nbsp;dem&nbsp;deutschen&nbsp;Urheberrecht.&nbsp;Die&nbsp;Vervielf\u00e4ltigung,&nbsp;Bearbeitung,&nbsp;Verbreitung&nbsp;und&nbsp;jede&nbsp;Art&nbsp;der&nbsp;Verwertung&nbsp;au\u00dferhalb&nbsp;der&nbsp;Grenzen&nbsp;des&nbsp;Urheberrechtesbed\u00fcrfen&nbsp;der&nbsp;schriftlichen&nbsp;Zustimmung&nbsp;des&nbsp;jeweiligen&nbsp;Autors&nbsp;bzw.&nbsp;Erstellers.&nbsp;Downloads&nbsp;und&nbsp;Kopien&nbsp;dieser&nbsp;Seite&nbsp;sind&nbsp;nurf\u00fcr&nbsp;den&nbsp;privaten,&nbsp;nicht&nbsp;kommerziellen&nbsp;Gebrauch&nbsp;gestattet.Soweit&nbsp;die&nbsp;Inhalte&nbsp;auf&nbsp;dieser&nbsp;Seite&nbsp;nicht&nbsp;vom&nbsp;Betreiber&nbsp;erstellt&nbsp;wurden,&nbsp;werden&nbsp;die&nbsp;Urheberrechte&nbsp;Dritter&nbsp;beachtet.&nbsp;Insbesondere&nbsp;werden&nbsp;Inhalte&nbsp;Dritter&nbsp;als&nbsp;solche&nbsp;gekennzeichnet.&nbsp;Sollten&nbsp;Sie&nbsp;trotzdem&nbsp;auf&nbsp;eine&nbsp;Urheberrechtsverletzungaufmerksam&nbsp;werden,&nbsp;bitten&nbsp;wir&nbsp;um&nbsp;einen&nbsp;entsprechenden&nbsp;Hinweis.&nbsp;Bei&nbsp;Bekanntwerden&nbsp;von&nbsp;Rechtsverletzungen&nbsp;werdenwir&nbsp;derartige&nbsp;Inhalte&nbsp;umgehend&nbsp;entfernen.Quelle:&nbsp;https:\/\/www.e-recht24.de<\/p>\n","protected":false},"author":1,"featured_media":0,"parent":0,"menu_order":0,"comment_status":"closed","ping_status":"closed","template":"","meta":{"footnotes":""},"class_list":["post-76","page","type-page","status-publish","hentry"],"_links":{"self":[{"href":"https:\/\/tanjakachler.de\/index.php?rest_route=\/wp\/v2\/pages\/76","targetHints":{"allow":["GET"]}}],"collection":[{"href":"https:\/\/tanjakachler.de\/index.php?rest_route=\/wp\/v2\/pages"}],"about":[{"href":"https:\/\/tanjakachler.de\/index.php?rest_route=\/wp\/v2\/types\/page"}],"author":[{"embeddable":true,"href":"https:\/\/tanjakachler.de\/index.php?rest_route=\/wp\/v2\/users\/1"}],"replies":[{"embeddable":true,"href":"https:\/\/tanjakachler.de\/index.php?rest_route=%2Fwp%2Fv2%2Fcomments&post=76"}],"version-history":[{"count":5,"href":"https:\/\/tanjakachler.de\/index.php?rest_route=\/wp\/v2\/pages\/76\/revisions"}],"predecessor-version":[{"id":119,"href":"https:\/\/tanjakachler.de\/index.php?rest_route=\/wp\/v2\/pages\/76\/revisions\/119"}],"wp:attachment":[{"href":"https:\/\/tanjakachler.de\/index.php?rest_route=%2Fwp%2Fv2%2Fmedia&parent=76"}],"curies":[{"name":"wp","href":"https:\/\/api.w.org\/{rel}","templated":true}]}}